{"id":11119,"date":"2026-04-22T20:37:33","date_gmt":"2026-04-22T18:37:33","guid":{"rendered":"https:\/\/dev.innseals.hammerer.at\/impressum\/"},"modified":"2026-05-13T17:10:44","modified_gmt":"2026-05-13T15:10:44","slug":"impressum","status":"publish","type":"page","link":"https:\/\/innseals.at\/en\/impressum\/","title":{"rendered":"Legal Notice"},"content":{"rendered":"\t\t<div data-elementor-type=\"wp-page\" data-elementor-id=\"11119\" class=\"elementor elementor-11119 elementor-5244\" data-elementor-post-type=\"page\">\n\t\t\t\t<div class=\"elementor-element elementor-element-2cdcc87b hero_margin e-flex e-con-boxed e-con e-parent\" data-id=\"2cdcc87b\" data-element_type=\"container\" data-e-type=\"container\" data-settings=\"{&quot;background_background&quot;:&quot;classic&quot;}\">\n\t\t\t\t\t<div class=\"e-con-inner\">\n\t\t<div class=\"elementor-element elementor-element-589cafd5 e-con-full e-flex e-con e-child\" data-id=\"589cafd5\" data-element_type=\"container\" data-e-type=\"container\">\n\t\t\t\t<div class=\"elementor-element elementor-element-41f6d8fd elementor-widget elementor-widget-heading\" data-id=\"41f6d8fd\" data-element_type=\"widget\" data-e-type=\"widget\" data-widget_type=\"heading.default\">\n\t\t\t\t\t<h1 class=\"elementor-heading-title elementor-size-default\">Legal Notice<\/h1>\t\t\t\t<\/div>\n\t\t\t\t<\/div>\n\t\t\t\t\t<\/div>\n\t\t\t\t<\/div>\n\t\t<div class=\"elementor-element elementor-element-1b03f3ab e-flex e-con-boxed e-con e-parent\" data-id=\"1b03f3ab\" data-element_type=\"container\" data-e-type=\"container\" data-settings=\"{&quot;background_background&quot;:&quot;classic&quot;}\">\n\t\t\t\t\t<div class=\"e-con-inner\">\n\t\t<div class=\"elementor-element elementor-element-7778044f e-con-full e-flex e-con e-child\" data-id=\"7778044f\" data-element_type=\"container\" data-e-type=\"container\">\n\t\t<div class=\"elementor-element elementor-element-2de02241 e-con-full e-flex e-con e-child\" data-id=\"2de02241\" data-element_type=\"container\" data-e-type=\"container\">\n\t\t\t\t<div class=\"elementor-element elementor-element-1dc7b706 elementor-widget elementor-widget-text-editor\" data-id=\"1dc7b706\" data-element_type=\"widget\" data-e-type=\"widget\" data-widget_type=\"text-editor.default\">\n\t\t\t\t\t\t\t\t\t<div class=\"elementor-element elementor-element-ed47f7f elementor-widget elementor-widget-shortcode\" data-id=\"ed47f7f\" data-element_type=\"widget\" data-widget_type=\"shortcode.default\"><div class=\"elementor-widget-container\"><div class=\"elementor-shortcode\"><p><strong>Innseals Dichtungstechnik GmbH<\/strong><br \/>Executive director: Andreas Sch\u00fclling<br \/>Waldm\u00fcllerstra\u00dfe 1<br \/>4910 Ried<br \/>Austria<br \/>Email:\u00a0<a href=\"mailto:office@innseals.at\">office@innseals.at<\/a><br \/>Phone: +43 7751 21301<br \/>Shareholder: Innseals Industries GmbH<br \/>Register Court &amp; Register Number: Landgericht Ried im Innkreis FN522667d<br \/>Sales tax identification number: ATU74901868<\/p><p>Responsible for content: Innseals Dichtungstechnik GmbH<\/p><p>European Commission Online Dispute Resolution (OS) platform for consumers:\u00a0<a href=\"https:\/\/ec.europa.eu\/consumers\/odr\/\" target=\"_blank\" rel=\"noopener\">https:\/\/ec.europa.eu\/consumers\/odr\/<\/a>. We are not willing or obliged to participate in a dispute settlement procedure before a consumer arbitration board.<\/p><\/div><\/div><\/div><div class=\"elementor-element elementor-element-b6d9b3e elementor-widget elementor-widget-text-editor\" data-id=\"b6d9b3e\" data-element_type=\"widget\" data-widget_type=\"text-editor.default\"><div class=\"elementor-widget-container\"><p>D-U-N-S Number: 300601431<br \/>EORI Number: ATEOS1000100801<\/p><\/div><\/div><div class=\"elementor-element elementor-element-bcf88dc elementor-widget elementor-widget-text-editor\" data-id=\"bcf88dc\" data-element_type=\"widget\" data-widget_type=\"text-editor.default\"><div class=\"elementor-widget-container\"><p><strong>Design and realization<\/strong><br \/>Hammerer GmbH<br \/>Riedauer Stra\u00dfe 48<br \/>4910 Ried im Innkreis<br \/>E-Mail:\u00a0<a href=\"mailto:office@hammerer.at\">office@hammerer.at<\/a><br \/>Web:\u00a0<a href=\"http:\/\/www.hammerer.at\/\" target=\"_blank\" rel=\"noopener\">www.hammerer.at<\/a><\/p><\/div><\/div>\t\t\t\t\t\t\t\t<\/div>\n\t\t\t\t<\/div>\n\t\t\t\t<\/div>\n\t\t\t\t<div class=\"elementor-element elementor-element-614b281c elementor-absolute elementor-widget elementor-widget-image\" data-id=\"614b281c\" data-element_type=\"widget\" data-e-type=\"widget\" data-settings=\"{&quot;_position&quot;:&quot;absolute&quot;}\" data-widget_type=\"image.default\">\n\t\t\t\t\t\t\t\t\t\t\t\t\t\t\t<img decoding=\"async\" width=\"719\" height=\"38\" src=\"https:\/\/innseals.at\/wp-content\/uploads\/2026\/04\/Differenzmenge-6.webp\" class=\"attachment-large size-large wp-image-10870\" alt=\"Trenner\" \/>\t\t\t\t\t\t\t\t\t\t\t\t\t\t\t<\/div>\n\t\t\t\t\t<\/div>\n\t\t\t\t<\/div>\n\t\t\t\t<\/div>\n\t\t","protected":false},"excerpt":{"rendered":"<p>Innseals Dichtungstechnik GmbHExecutive director: Andreas Sch\u00fcllingWaldm\u00fcllerstra\u00dfe 14910 RiedAustriaEmail:\u00a0office@innseals.atPhone: +43 7751 21301Shareholder: Innseals Industries GmbHRegister Court &amp; Register Number: Landgericht Ried im Innkreis FN522667dSales tax identification number: ATU74901868 Responsible for content: Innseals Dichtungstechnik GmbH European Commission Online Dispute Resolution (OS) platform for consumers:\u00a0https:\/\/ec.europa.eu\/consumers\/odr\/. We are not willing or obliged to participate in a dispute settlement procedure [&hellip;]<\/p>\n","protected":false},"author":7,"featured_media":0,"parent":0,"menu_order":0,"comment_status":"closed","ping_status":"closed","template":"","meta":{"_acf_changed":false,"footnotes":""},"class_list":["post-11119","page","type-page","status-publish","hentry"],"acf":[],"_links":{"self":[{"href":"https:\/\/innseals.at\/en\/wp-json\/wp\/v2\/pages\/11119","targetHints":{"allow":["GET"]}}],"collection":[{"href":"https:\/\/innseals.at\/en\/wp-json\/wp\/v2\/pages"}],"about":[{"href":"https:\/\/innseals.at\/en\/wp-json\/wp\/v2\/types\/page"}],"author":[{"embeddable":true,"href":"https:\/\/innseals.at\/en\/wp-json\/wp\/v2\/users\/7"}],"replies":[{"embeddable":true,"href":"https:\/\/innseals.at\/en\/wp-json\/wp\/v2\/comments?post=11119"}],"version-history":[{"count":5,"href":"https:\/\/innseals.at\/en\/wp-json\/wp\/v2\/pages\/11119\/revisions"}],"predecessor-version":[{"id":12136,"href":"https:\/\/innseals.at\/en\/wp-json\/wp\/v2\/pages\/11119\/revisions\/12136"}],"wp:attachment":[{"href":"https:\/\/innseals.at\/en\/wp-json\/wp\/v2\/media?parent=11119"}],"curies":[{"name":"wp","href":"https:\/\/api.w.org\/{rel}","templated":true}]}}